{"id":10,"date":"2019-05-14T16:12:35","date_gmt":"2019-05-14T16:12:35","guid":{"rendered":"http:\/\/ld-wp.template-help.com\/wordpress_prod-24083\/v1\/?page_id=10"},"modified":"2025-07-16T18:17:15","modified_gmt":"2025-07-16T18:17:15","slug":"a-propos-du-club","status":"publish","type":"page","link":"https:\/\/www.tennis-ids.com\/en\/a-propos-du-club\/","title":{"rendered":"A PROPOS DU CLUB"},"content":{"rendered":"","protected":false},"excerpt":{"rendered":"","protected":false},"author":1,"featured_media":0,"parent":0,"menu_order":0,"comment_status":"closed","ping_status":"closed","template":"page-templates\/fullwidth-content.php","meta":{"footnotes":""},"class_list":["post-10","page","type-page","status-publish","hentry"],"yoast_head":"<!-- This site is optimized with the Yoast SEO plugin v27.0 - https:\/\/yoast.com\/product\/yoast-seo-wordpress\/ -->\n<title>\u00c0 propos - Club de Tennis Ile des Soeurs<\/title>\n<meta name=\"description\" content=\"Le Club de Tennis Ile des Soeurs occupe la place de leader au Canada depuis plus de 50 ans. Il se caract\u00e9rise par des installations sportives maintenues par notre \u00e9quipe d\u2019entretien 24h sur 24, un service \u00e0 la client\u00e8le d\u00e9vou\u00e9 \u00e0 ses membres, une \u00e9quipe de pros de tennis tous certifi\u00e9s par Tennis Canada, ainsi que des entra\u00eeneurs physiques qualifi\u00e9s dans notre Gym Espace Forme.\" \/>\n<meta name=\"robots\" content=\"index, follow, max-snippet:-1, max-image-preview:large, max-video-preview:-1\" \/>\n<link rel=\"canonical\" href=\"https:\/\/www.tennis-ids.com\/en\/a-propos-du-club\/\" \/>\n<meta property=\"og:locale\" content=\"en_US\" \/>\n<meta property=\"og:type\" content=\"article\" \/>\n<meta property=\"og:title\" content=\"\u00c0 propos - Club de Tennis Ile des Soeurs\" \/>\n<meta property=\"og:description\" content=\"Le Club de Tennis Ile des Soeurs occupe la place de leader au Canada depuis plus de 50 ans. Il se caract\u00e9rise par des installations sportives maintenues par notre \u00e9quipe d\u2019entretien 24h sur 24, un service \u00e0 la client\u00e8le d\u00e9vou\u00e9 \u00e0 ses membres, une \u00e9quipe de pros de tennis tous certifi\u00e9s par Tennis Canada, ainsi que des entra\u00eeneurs physiques qualifi\u00e9s dans notre Gym Espace Forme.\" \/>\n<meta property=\"og:url\" content=\"https:\/\/www.tennis-ids.com\/en\/a-propos-du-club\/\" \/>\n<meta property=\"og:site_name\" content=\"Club de Tennis Ile des Soeurs\" \/>\n<meta property=\"article:publisher\" content=\"https:\/\/www.facebook.com\/tennis.ids\/\" \/>\n<meta property=\"article:modified_time\" content=\"2025-07-16T18:17:15+00:00\" \/>\n<meta name=\"twitter:card\" content=\"summary_large_image\" \/>\n<meta name=\"twitter:label1\" content=\"Est. reading time\" \/>\n\t<meta name=\"twitter:data1\" content=\"3 minutes\" \/>\n<script type=\"application\/ld+json\" class=\"yoast-schema-graph\">{\"@context\":\"https:\/\/schema.org\",\"@graph\":[{\"@type\":[\"WebPage\",\"AboutPage\"],\"@id\":\"https:\/\/www.tennis-ids.com\/a-propos-du-club\/\",\"url\":\"https:\/\/www.tennis-ids.com\/a-propos-du-club\/\",\"name\":\"\u00c0 propos - Club de Tennis Ile des Soeurs\",\"isPartOf\":{\"@id\":\"https:\/\/www.tennis-ids.com\/#website\"},\"datePublished\":\"2019-05-14T16:12:35+00:00\",\"dateModified\":\"2025-07-16T18:17:15+00:00\",\"description\":\"Le Club de Tennis Ile des Soeurs occupe la place de leader au Canada depuis plus de 50 ans. Il se caract\u00e9rise par des installations sportives maintenues par notre \u00e9quipe d\u2019entretien 24h sur 24, un service \u00e0 la client\u00e8le d\u00e9vou\u00e9 \u00e0 ses membres, une \u00e9quipe de pros de tennis tous certifi\u00e9s par Tennis Canada, ainsi que des entra\u00eeneurs physiques qualifi\u00e9s dans notre Gym Espace Forme.\",\"breadcrumb\":{\"@id\":\"https:\/\/www.tennis-ids.com\/a-propos-du-club\/#breadcrumb\"},\"inLanguage\":\"en-CA\",\"potentialAction\":[{\"@type\":\"ReadAction\",\"target\":[\"https:\/\/www.tennis-ids.com\/a-propos-du-club\/\"]}]},{\"@type\":\"BreadcrumbList\",\"@id\":\"https:\/\/www.tennis-ids.com\/a-propos-du-club\/#breadcrumb\",\"itemListElement\":[{\"@type\":\"ListItem\",\"position\":1,\"name\":\"Home\",\"item\":\"https:\/\/www.tennis-ids.com\/\"},{\"@type\":\"ListItem\",\"position\":2,\"name\":\"A PROPOS DU CLUB\"}]},{\"@type\":\"WebSite\",\"@id\":\"https:\/\/www.tennis-ids.com\/#website\",\"url\":\"https:\/\/www.tennis-ids.com\/\",\"name\":\"Club de Tennis Ile des Soeurs\",\"description\":\"\u00ceLE DES SOEURS\",\"publisher\":{\"@id\":\"https:\/\/www.tennis-ids.com\/#organization\"},\"potentialAction\":[{\"@type\":\"SearchAction\",\"target\":{\"@type\":\"EntryPoint\",\"urlTemplate\":\"https:\/\/www.tennis-ids.com\/?s={search_term_string}\"},\"query-input\":{\"@type\":\"PropertyValueSpecification\",\"valueRequired\":true,\"valueName\":\"search_term_string\"}}],\"inLanguage\":\"en-CA\"},{\"@type\":\"Organization\",\"@id\":\"https:\/\/www.tennis-ids.com\/#organization\",\"name\":\"Club de Tennis Ile des Soeurs\",\"url\":\"https:\/\/www.tennis-ids.com\/\",\"logo\":{\"@type\":\"ImageObject\",\"inLanguage\":\"en-CA\",\"@id\":\"https:\/\/www.tennis-ids.com\/#\/schema\/logo\/image\/\",\"url\":\"https:\/\/www.tennis-ids.com\/wp-content\/uploads\/2020\/10\/cropped-logo-tennis-1.png\",\"contentUrl\":\"https:\/\/www.tennis-ids.com\/wp-content\/uploads\/2020\/10\/cropped-logo-tennis-1.png\",\"width\":512,\"height\":512,\"caption\":\"Club de Tennis Ile des Soeurs\"},\"image\":{\"@id\":\"https:\/\/www.tennis-ids.com\/#\/schema\/logo\/image\/\"},\"sameAs\":[\"https:\/\/www.facebook.com\/tennis.ids\/\",\"https:\/\/www.instagram.com\/tennisids\/?hl=fr\"]}]}<\/script>\n<!-- \/ Yoast SEO plugin. -->","yoast_head_json":{"title":"\u00c0 propos - Club de Tennis Ile des Soeurs","description":"Le Club de Tennis Ile des Soeurs occupe la place de leader au Canada depuis plus de 50 ans. Il se caract\u00e9rise par des installations sportives maintenues par notre \u00e9quipe d\u2019entretien 24h sur 24, un service \u00e0 la client\u00e8le d\u00e9vou\u00e9 \u00e0 ses membres, une \u00e9quipe de pros de tennis tous certifi\u00e9s par Tennis Canada, ainsi que des entra\u00eeneurs physiques qualifi\u00e9s dans notre Gym Espace Forme.","robots":{"index":"index","follow":"follow","max-snippet":"max-snippet:-1","max-image-preview":"max-image-preview:large","max-video-preview":"max-video-preview:-1"},"canonical":"https:\/\/www.tennis-ids.com\/en\/a-propos-du-club\/","og_locale":"en_US","og_type":"article","og_title":"\u00c0 propos - Club de Tennis Ile des Soeurs","og_description":"Le Club de Tennis Ile des Soeurs occupe la place de leader au Canada depuis plus de 50 ans. Il se caract\u00e9rise par des installations sportives maintenues par notre \u00e9quipe d\u2019entretien 24h sur 24, un service \u00e0 la client\u00e8le d\u00e9vou\u00e9 \u00e0 ses membres, une \u00e9quipe de pros de tennis tous certifi\u00e9s par Tennis Canada, ainsi que des entra\u00eeneurs physiques qualifi\u00e9s dans notre Gym Espace Forme.","og_url":"https:\/\/www.tennis-ids.com\/en\/a-propos-du-club\/","og_site_name":"Club de Tennis Ile des Soeurs","article_publisher":"https:\/\/www.facebook.com\/tennis.ids\/","article_modified_time":"2025-07-16T18:17:15+00:00","twitter_card":"summary_large_image","twitter_misc":{"Est. reading time":"3 minutes"},"schema":{"@context":"https:\/\/schema.org","@graph":[{"@type":["WebPage","AboutPage"],"@id":"https:\/\/www.tennis-ids.com\/a-propos-du-club\/","url":"https:\/\/www.tennis-ids.com\/a-propos-du-club\/","name":"\u00c0 propos - Club de Tennis Ile des Soeurs","isPartOf":{"@id":"https:\/\/www.tennis-ids.com\/#website"},"datePublished":"2019-05-14T16:12:35+00:00","dateModified":"2025-07-16T18:17:15+00:00","description":"Le Club de Tennis Ile des Soeurs occupe la place de leader au Canada depuis plus de 50 ans. Il se caract\u00e9rise par des installations sportives maintenues par notre \u00e9quipe d\u2019entretien 24h sur 24, un service \u00e0 la client\u00e8le d\u00e9vou\u00e9 \u00e0 ses membres, une \u00e9quipe de pros de tennis tous certifi\u00e9s par Tennis Canada, ainsi que des entra\u00eeneurs physiques qualifi\u00e9s dans notre Gym Espace Forme.","breadcrumb":{"@id":"https:\/\/www.tennis-ids.com\/a-propos-du-club\/#breadcrumb"},"inLanguage":"en-CA","potentialAction":[{"@type":"ReadAction","target":["https:\/\/www.tennis-ids.com\/a-propos-du-club\/"]}]},{"@type":"BreadcrumbList","@id":"https:\/\/www.tennis-ids.com\/a-propos-du-club\/#breadcrumb","itemListElement":[{"@type":"ListItem","position":1,"name":"Home","item":"https:\/\/www.tennis-ids.com\/"},{"@type":"ListItem","position":2,"name":"A PROPOS DU CLUB"}]},{"@type":"WebSite","@id":"https:\/\/www.tennis-ids.com\/#website","url":"https:\/\/www.tennis-ids.com\/","name":"Club de Tennis Ile des Soeurs","description":"\u00ceLE DES SOEURS","publisher":{"@id":"https:\/\/www.tennis-ids.com\/#organization"},"potentialAction":[{"@type":"SearchAction","target":{"@type":"EntryPoint","urlTemplate":"https:\/\/www.tennis-ids.com\/?s={search_term_string}"},"query-input":{"@type":"PropertyValueSpecification","valueRequired":true,"valueName":"search_term_string"}}],"inLanguage":"en-CA"},{"@type":"Organization","@id":"https:\/\/www.tennis-ids.com\/#organization","name":"Club de Tennis Ile des Soeurs","url":"https:\/\/www.tennis-ids.com\/","logo":{"@type":"ImageObject","inLanguage":"en-CA","@id":"https:\/\/www.tennis-ids.com\/#\/schema\/logo\/image\/","url":"https:\/\/www.tennis-ids.com\/wp-content\/uploads\/2020\/10\/cropped-logo-tennis-1.png","contentUrl":"https:\/\/www.tennis-ids.com\/wp-content\/uploads\/2020\/10\/cropped-logo-tennis-1.png","width":512,"height":512,"caption":"Club de Tennis Ile des Soeurs"},"image":{"@id":"https:\/\/www.tennis-ids.com\/#\/schema\/logo\/image\/"},"sameAs":["https:\/\/www.facebook.com\/tennis.ids\/","https:\/\/www.instagram.com\/tennisids\/?hl=fr"]}]}},"_links":{"self":[{"href":"https:\/\/www.tennis-ids.com\/en\/wp-json\/wp\/v2\/pages\/10","targetHints":{"allow":["GET"]}}],"collection":[{"href":"https:\/\/www.tennis-ids.com\/en\/wp-json\/wp\/v2\/pages"}],"about":[{"href":"https:\/\/www.tennis-ids.com\/en\/wp-json\/wp\/v2\/types\/page"}],"author":[{"embeddable":true,"href":"https:\/\/www.tennis-ids.com\/en\/wp-json\/wp\/v2\/users\/1"}],"replies":[{"embeddable":true,"href":"https:\/\/www.tennis-ids.com\/en\/wp-json\/wp\/v2\/comments?post=10"}],"version-history":[{"count":173,"href":"https:\/\/www.tennis-ids.com\/en\/wp-json\/wp\/v2\/pages\/10\/revisions"}],"predecessor-version":[{"id":9938,"href":"https:\/\/www.tennis-ids.com\/en\/wp-json\/wp\/v2\/pages\/10\/revisions\/9938"}],"wp:attachment":[{"href":"https:\/\/www.tennis-ids.com\/en\/wp-json\/wp\/v2\/media?parent=10"}],"curies":[{"name":"wp","href":"https:\/\/api.w.org\/{rel}","templated":true}]}}